{"id":2716,"date":"2021-05-19T20:56:41","date_gmt":"2021-05-19T23:56:41","guid":{"rendered":"https:\/\/sistematest.unahur.edu.ar\/?page_id=2716"},"modified":"2021-06-09T11:53:05","modified_gmt":"2021-06-09T14:53:05","slug":"inicio-2","status":"publish","type":"page","link":"https:\/\/aulaabierta.unahur.edu.ar\/","title":{"rendered":"Inicio"},"content":{"rendered":"<p>[et_pb_section fb_built=&#8221;1&#8243; fullwidth=&#8221;on&#8221; _builder_version=&#8221;4.9.4&#8243; _module_preset=&#8221;default&#8221;][et_pb_fullwidth_header _builder_version=&#8221;4.9.4&#8243; _module_preset=&#8221;default&#8221; background_image=&#8221;https:\/\/aulaabierta.unahur.edu.ar\/wp-content\/uploads\/2021\/06\/banner-aula-abierta04.jpg&#8221; width=&#8221;100%&#8221; width_tablet=&#8221;&#8221; width_phone=&#8221;&#8221; width_last_edited=&#8221;on|phone&#8221; height=&#8221;293px&#8221; height_tablet=&#8221;&#8221; height_phone=&#8221;&#8221; height_last_edited=&#8221;on|phone&#8221; max_height=&#8221;1000px&#8221; hover_enabled=&#8221;0&#8243; title_text=&#8221;banner-aula-abierta04&#8243; sticky_enabled=&#8221;0&#8243;][\/et_pb_fullwidth_header][\/et_pb_section][et_pb_section fb_built=&#8221;1&#8243; admin_label=&#8221;Blog&#8221; _builder_version=&#8221;3.22&#8243; custom_margin=&#8221;|||&#8221; custom_padding=&#8221;0px|0px|18px|0px||&#8221;][et_pb_row _builder_version=&#8221;3.25&#8243; background_size=&#8221;initial&#8221; background_position=&#8221;top_left&#8221; background_repeat=&#8221;repeat&#8221; max_width=&#8221;960px&#8221; custom_padding=&#8221;74px|||||&#8221; use_custom_width=&#8221;on&#8221; custom_width_px=&#8221;960px&#8221;][et_pb_column type=&#8221;4_4&#8243; _builder_version=&#8221;3.25&#8243; custom_padding=&#8221;|||&#8221; custom_padding__hover=&#8221;|||&#8221;][et_pb_blog include_categories=&#8221;30&#8243; show_author=&#8221;off&#8221; _builder_version=&#8221;4.9.4&#8243; header_font=&#8221;Roboto|700|||||||&#8221; header_text_color=&#8221;#4f4b4b&#8221; header_line_height=&#8221;1.5em&#8221; body_font=&#8221;Roboto|300|||||||&#8221; body_text_align=&#8221;justify&#8221; body_text_color=&#8221;#605A5A&#8221; body_font_size=&#8221;15px&#8221; body_line_height=&#8221;1.9em&#8221; meta_font=&#8221;|700|||||||&#8221; meta_text_color=&#8221;rgba(17,13,13,0.5)&#8221; meta_font_size=&#8221;16px&#8221; meta_line_height=&#8221;1.9em&#8221; read_more_font=&#8221;Roboto||||||||&#8221; pagination_font=&#8221;Roboto|700|||||||&#8221; pagination_text_color=&#8221;#605A5A&#8221; pagination_font_size=&#8221;15px&#8221; background_color=&#8221;#ffffff&#8221; text_orientation=&#8221;center&#8221; width=&#8221;58%&#8221; width_tablet=&#8221;&#8221; width_phone=&#8221;100%&#8221; width_last_edited=&#8221;on|phone&#8221; module_alignment=&#8221;center&#8221; custom_padding=&#8221;40px|40px|40px|40px&#8221; animation_style=&#8221;zoom&#8221; animation_intensity_zoom=&#8221;10%&#8221; box_shadow_style=&#8221;preset1&#8243; box_shadow_vertical=&#8221;0px&#8221; box_shadow_blur=&#8221;60px&#8221; box_shadow_color=&#8221;rgba(71,74,182,0.12)&#8221;][\/et_pb_blog][\/et_pb_column][\/et_pb_row][\/et_pb_section][et_pb_section fb_built=&#8221;1&#8243; _builder_version=&#8221;4.9.4&#8243; _module_preset=&#8221;default&#8221; custom_padding=&#8221;||3px|||&#8221;][et_pb_row column_structure=&#8221;1_2,1_2&#8243; _builder_version=&#8221;4.9.4&#8243; _module_preset=&#8221;default&#8221;][et_pb_column type=&#8221;1_2&#8243; _builder_version=&#8221;4.9.4&#8243; _module_preset=&#8221;default&#8221;][et_pb_code _builder_version=&#8221;4.9.4&#8243; _module_preset=&#8221;default&#8221;]<iframe loading=\"lazy\" width=\"560\" height=\"315\" src=\"https:\/\/www.youtube.com\/embed\/videoseries?list=PL5eL-8vXP_g4FxItxxMmQivT5XPM8fCOm\" title=\"YouTube video player\" frameborder=\"0\" allow=\"accelerometer; autoplay; clipboard-write; encrypted-media; gyroscope; picture-in-picture\" allowfullscreen><\/iframe>[\/et_pb_code][et_pb_text _builder_version=&#8221;4.9.4&#8243; _module_preset=&#8221;default&#8221; text_font=&#8221;Roboto||||||||&#8221;]<\/p>\n<p>Disfrut\u00e1 de las entrevistas de la secci\u00f3n #investigaci\u00f3nSub40. Dale clic a nuestra <strong><a href=\"https:\/\/youtube.com\/playlist?list=PL5eL-8vXP_g4FxItxxMmQivT5XPM8fCOm\" target=\"_blank\" rel=\"noopener\">lista de reproducci\u00f3n<\/a> <\/strong>para ver todas las notas.<\/p>\n<p>[\/et_pb_text][\/et_pb_column][et_pb_column type=&#8221;1_2&#8243; _builder_version=&#8221;4.9.4&#8243; _module_preset=&#8221;default&#8221;][et_pb_code _builder_version=&#8221;4.9.4&#8243; _module_preset=&#8221;default&#8221;]<iframe loading=\"lazy\" width=\"560\" height=\"315\" src=\"https:\/\/www.youtube.com\/embed\/videoseries?list=PL5eL-8vXP_g7s59Utql1t1UF5izCvSy6y\" title=\"YouTube video player\" frameborder=\"0\" allow=\"accelerometer; autoplay; clipboard-write; encrypted-media; gyroscope; picture-in-picture\" allowfullscreen><\/iframe>[\/et_pb_code][et_pb_text _builder_version=&#8221;4.9.4&#8243; _module_preset=&#8221;default&#8221; text_font=&#8221;Roboto||||||||&#8221;]<\/p>\n<p>Disfrut\u00e1 de las entrevistas de la secci\u00f3n Primer Plano. Dale clic a nuestra <strong><a href=\"https:\/\/youtube.com\/playlist?list=PL5eL-8vXP_g7s59Utql1t1UF5izCvSy6y\" target=\"_blank\" rel=\"noopener\">lista de reproducci\u00f3n<\/a> <\/strong>para ver todas las notas.<\/p>\n<p>[\/et_pb_text][\/et_pb_column][\/et_pb_row][\/et_pb_section]<\/p>\n","protected":false},"excerpt":{"rendered":"<p>[et_pb_section fb_built=&#8221;1&#8243; fullwidth=&#8221;on&#8221; _builder_version=&#8221;4.9.4&#8243; _module_preset=&#8221;default&#8221;][et_pb_fullwidth_header _builder_version=&#8221;4.9.4&#8243; _module_preset=&#8221;default&#8221; background_image=&#8221;https:\/\/aulaabierta.unahur.edu.ar\/wp-content\/uploads\/2021\/06\/banner-aula-abierta04.jpg&#8221; width=&#8221;100%&#8221; width_tablet=&#8221;&#8221; width_phone=&#8221;&#8221; width_last_edited=&#8221;on|phone&#8221; height=&#8221;293px&#8221; height_tablet=&#8221;&#8221; height_phone=&#8221;&#8221; height_last_edited=&#8221;on|phone&#8221; max_height=&#8221;1000px&#8221; hover_enabled=&#8221;0&#8243; title_text=&#8221;banner-aula-abierta04&#8243; sticky_enabled=&#8221;0&#8243;][\/et_pb_fullwidth_header][\/et_pb_section][et_pb_section fb_built=&#8221;1&#8243; admin_label=&#8221;Blog&#8221; _builder_version=&#8221;3.22&#8243; custom_margin=&#8221;|||&#8221; custom_padding=&#8221;0px|0px|18px|0px||&#8221;][et_pb_row _builder_version=&#8221;3.25&#8243; background_size=&#8221;initial&#8221; background_position=&#8221;top_left&#8221; background_repeat=&#8221;repeat&#8221; max_width=&#8221;960px&#8221; custom_padding=&#8221;74px|||||&#8221; use_custom_width=&#8221;on&#8221; custom_width_px=&#8221;960px&#8221;][et_pb_column type=&#8221;4_4&#8243; _builder_version=&#8221;3.25&#8243; custom_padding=&#8221;|||&#8221; custom_padding__hover=&#8221;|||&#8221;][et_pb_blog include_categories=&#8221;30&#8243; show_author=&#8221;off&#8221; _builder_version=&#8221;4.9.4&#8243; header_font=&#8221;Roboto|700|||||||&#8221; header_text_color=&#8221;#4f4b4b&#8221; header_line_height=&#8221;1.5em&#8221; body_font=&#8221;Roboto|300|||||||&#8221; body_text_align=&#8221;justify&#8221; body_text_color=&#8221;#605A5A&#8221; body_font_size=&#8221;15px&#8221; body_line_height=&#8221;1.9em&#8221; meta_font=&#8221;|700|||||||&#8221; meta_text_color=&#8221;rgba(17,13,13,0.5)&#8221; meta_font_size=&#8221;16px&#8221; meta_line_height=&#8221;1.9em&#8221; read_more_font=&#8221;Roboto||||||||&#8221; pagination_font=&#8221;Roboto|700|||||||&#8221; pagination_text_color=&#8221;#605A5A&#8221; [&hellip;]<\/p>\n","protected":false},"author":1,"featured_media":0,"parent":0,"menu_order":0,"comment_status":"closed","ping_status":"closed","template":"","meta":{"_et_pb_use_builder":"on","_et_pb_old_content":"","_et_gb_content_width":"","footnotes":""},"class_list":["post-2716","page","type-page","status-publish","hentry"],"_links":{"self":[{"href":"https:\/\/aulaabierta.unahur.edu.ar\/index.php\/wp-json\/wp\/v2\/pages\/2716","targetHints":{"allow":["GET"]}}],"collection":[{"href":"https:\/\/aulaabierta.unahur.edu.ar\/index.php\/wp-json\/wp\/v2\/pages"}],"about":[{"href":"https:\/\/aulaabierta.unahur.edu.ar\/index.php\/wp-json\/wp\/v2\/types\/page"}],"author":[{"embeddable":true,"href":"https:\/\/aulaabierta.unahur.edu.ar\/index.php\/wp-json\/wp\/v2\/users\/1"}],"replies":[{"embeddable":true,"href":"https:\/\/aulaabierta.unahur.edu.ar\/index.php\/wp-json\/wp\/v2\/comments?post=2716"}],"version-history":[{"count":10,"href":"https:\/\/aulaabierta.unahur.edu.ar\/index.php\/wp-json\/wp\/v2\/pages\/2716\/revisions"}],"predecessor-version":[{"id":2758,"href":"https:\/\/aulaabierta.unahur.edu.ar\/index.php\/wp-json\/wp\/v2\/pages\/2716\/revisions\/2758"}],"wp:attachment":[{"href":"https:\/\/aulaabierta.unahur.edu.ar\/index.php\/wp-json\/wp\/v2\/media?parent=2716"}],"curies":[{"name":"wp","href":"https:\/\/api.w.org\/{rel}","templated":true}]}}